{"id":13786,"date":"2023-11-29T19:01:57","date_gmt":"2023-11-29T19:01:57","guid":{"rendered":"http:\/\/875jahrekirchgoens.de\/?page_id=13786"},"modified":"2026-01-27T20:53:10","modified_gmt":"2026-01-27T20:53:10","slug":"termine","status":"publish","type":"page","link":"http:\/\/875jahrekirchgoens.de\/?page_id=13786","title":{"rendered":"Termine"},"content":{"rendered":"\n<p>Am besten, ihr verpasst keinen davon\u2026<\/p>\n\n\n\n<table id=\"tablepress-2\" class=\"tablepress tablepress-id-2\">\n<thead>\n<tr class=\"row-1\">\n\t<td class=\"column-1\"><\/td><td class=\"column-2\"><\/td><td class=\"column-3\"><\/td><td class=\"column-4\"><\/td><td class=\"column-5\"><\/td>\n<\/tr>\n<\/thead>\n<tbody class=\"row-striping row-hover\">\n<tr class=\"row-2\">\n\t<td class=\"column-1\"><strong>Datum<strong><\/td><td class=\"column-2\"><strong>Uhrzeit<strong><\/td><td class=\"column-3\"><strong>Veranstaltung<strong><\/td><td class=\"column-4\"><strong>Ort<strong><\/td><td class=\"column-5\"><strong>Sonstiges<strong><\/td>\n<\/tr>\n<tr class=\"row-3\">\n\t<td class=\"column-1\"><strong>Januar 2026<strong><\/td><td class=\"column-2\"><\/td><td class=\"column-3\"><\/td><td class=\"column-4\"><\/td><td class=\"column-5\"><\/td>\n<\/tr>\n<tr class=\"row-4\">\n\t<td class=\"column-1\">31.01.2026<\/td><td class=\"column-2\">20:11 Uhr<\/td><td class=\"column-3\">Kappenabend<br \/>\nSch\u00fctzenverein und TV <br \/>\nKirch-G\u00f6ns<\/td><td class=\"column-4\">Sch\u00fctzenhalle<br \/>\n<\/td><td class=\"column-5\">Einlass ab 19:31 Uhr<\/td>\n<\/tr>\n<tr class=\"row-5\">\n\t<td class=\"column-1\"><strong>M\u00e4rz 2026<strong><\/td><td class=\"column-2\"><\/td><td class=\"column-3\"><\/td><td class=\"column-4\"><\/td><td class=\"column-5\"><\/td>\n<\/tr>\n<tr class=\"row-6\">\n\t<td class=\"column-1\">06.03.2026<\/td><td class=\"column-2\"><\/td><td class=\"column-3\">Jahrehauptversammlung FF Kirch-G\u00f6ns<\/td><td class=\"column-4\">Feuerwehrhaus<\/td><td class=\"column-5\">Uhrzeit folgt<\/td>\n<\/tr>\n<tr class=\"row-7\">\n\t<td class=\"column-1\">27.03.2026<\/td><td class=\"column-2\"><\/td><td class=\"column-3\">Mitgliederversammlung Sch\u00fctzenvererein<\/td><td class=\"column-4\"><\/td><td class=\"column-5\">Infos folgen<\/td>\n<\/tr>\n<tr class=\"row-8\">\n\t<td class=\"column-1\">28.03.2026<\/td><td class=\"column-2\"><\/td><td class=\"column-3\">Dart-Turnier Cafe Bulls<\/td><td class=\"column-4\">Sch\u00fctzenhalle<\/td><td class=\"column-5\">Infos folgen<\/td>\n<\/tr>\n<tr class=\"row-9\">\n\t<td class=\"column-1\"><strong>April 2026<strong><\/td><td class=\"column-2\"><\/td><td class=\"column-3\"><\/td><td class=\"column-4\"><\/td><td class=\"column-5\"><\/td>\n<\/tr>\n<tr class=\"row-10\">\n\t<td class=\"column-1\">24.04.2026<\/td><td class=\"column-2\"><\/td><td class=\"column-3\">Jahreshauptversammlung TV Kirch-G\u00f6ns<\/td><td class=\"column-4\"><\/td><td class=\"column-5\">Infos folgen<\/td>\n<\/tr>\n<tr class=\"row-11\">\n\t<td class=\"column-1\"><strong>Mai 2026<strong><\/td><td class=\"column-2\"><\/td><td class=\"column-3\"><\/td><td class=\"column-4\"><\/td><td class=\"column-5\"><\/td>\n<\/tr>\n<tr class=\"row-12\">\n\t<td class=\"column-1\">01.05.2026<\/td><td class=\"column-2\"><\/td><td class=\"column-3\">Maifeier TV Kirch-G\u00f6ns<\/td><td class=\"column-4\"><\/td><td class=\"column-5\">Infos folgen<\/td>\n<\/tr>\n<tr class=\"row-13\">\n\t<td class=\"column-1\"><strong>Juni 2026<strong><\/td><td class=\"column-2\"><\/td><td class=\"column-3\"><\/td><td class=\"column-4\"><\/td><td class=\"column-5\"><\/td>\n<\/tr>\n<tr class=\"row-14\">\n\t<td class=\"column-1\">27.06.2026<\/td><td class=\"column-2\"><\/td><td class=\"column-3\">Sommerfest FF Kirch-G\u00f6ns<\/td><td class=\"column-4\">Feuerwehrhaus<\/td><td class=\"column-5\">Infos folgen<\/td>\n<\/tr>\n<tr class=\"row-15\">\n\t<td class=\"column-1\"><strong>Juli 2026<strong><\/td><td class=\"column-2\"><\/td><td class=\"column-3\"><\/td><td class=\"column-4\"><\/td><td class=\"column-5\"><\/td>\n<\/tr>\n<tr class=\"row-16\">\n\t<td class=\"column-1\">04.07.2026<\/td><td class=\"column-2\"><\/td><td class=\"column-3\">K\u00f6nigsschie\u00dfen<br \/>\nSch\u00fctzenverein<\/td><td class=\"column-4\">Sch\u00fctzenhaus<\/td><td class=\"column-5\">Infos folgen<\/td>\n<\/tr>\n<tr class=\"row-17\">\n\t<td class=\"column-1\"><strong>August 2026<strong><\/td><td class=\"column-2\"><\/td><td class=\"column-3\"><\/td><td class=\"column-4\"><\/td><td class=\"column-5\"><\/td>\n<\/tr>\n<tr class=\"row-18\">\n\t<td class=\"column-1\">08.08.2026<\/td><td class=\"column-2\"><\/td><td class=\"column-3\">Weinprobe FF Kirch-G\u00f6ns<\/td><td class=\"column-4\">Feuerwehrhaus<\/td><td class=\"column-5\">Infos folgen<\/td>\n<\/tr>\n<tr class=\"row-19\">\n\t<td class=\"column-1\"><strong>September 2026<strong><\/td><td class=\"column-2\"><\/td><td class=\"column-3\"><\/td><td class=\"column-4\"><\/td><td class=\"column-5\"><\/td>\n<\/tr>\n<tr class=\"row-20\">\n\t<td class=\"column-1\">17.\/18.09.2026<\/td><td class=\"column-2\"><\/td><td class=\"column-3\">Ortspokalschie\u00dfen Sch\u00fctzenverein<\/td><td class=\"column-4\">Sch\u00fctzenhaus<\/td><td class=\"column-5\">Infos folgen<\/td>\n<\/tr>\n<tr class=\"row-21\">\n\t<td class=\"column-1\">20.09.2026<\/td><td class=\"column-2\"><\/td><td class=\"column-3\">Siegerehrung Ortspokalschie\u00dfen mit Fr\u00fchschoppen<\/td><td class=\"column-4\">Sch\u00fctzenhaus<\/td><td class=\"column-5\">Infos folgen<\/td>\n<\/tr>\n<tr class=\"row-22\">\n\t<td class=\"column-1\"><strong>Dezember 2026<strong><\/td><td class=\"column-2\"><\/td><td class=\"column-3\"><\/td><td class=\"column-4\"><\/td><td class=\"column-5\"><\/td>\n<\/tr>\n<tr class=\"row-23\">\n\t<td class=\"column-1\">05.12.2026<\/td><td class=\"column-2\"><\/td><td class=\"column-3\">Nikolausfeier TV Kirch-G\u00f6ns<\/td><td class=\"column-4\"><\/td><td class=\"column-5\">Infos folgen<\/td>\n<\/tr>\n<tr class=\"row-24\">\n\t<td class=\"column-1\">27.12.2026<\/td><td class=\"column-2\"><\/td><td class=\"column-3\">Grenzgang FF Kirch-G\u00f6ns<\/td><td class=\"column-4\"><\/td><td class=\"column-5\">Infos folgen<\/td>\n<\/tr>\n<tr class=\"row-25\">\n\t<td class=\"column-1\">28.12.2026<\/td><td class=\"column-2\"><\/td><td class=\"column-3\">Jahresabschlu\u00dfschie\u00dfen Sch\u00fctzenverein<\/td><td class=\"column-4\">Sch\u00fctzenhaus<\/td><td class=\"column-5\">Infos folgen<\/td>\n<\/tr>\n<tr class=\"row-26\">\n\t<td class=\"column-1\"><\/td><td class=\"column-2\"><\/td><td class=\"column-3\"><\/td><td class=\"column-4\"><\/td><td class=\"column-5\"><\/td>\n<\/tr>\n<\/tbody>\n<\/table>\n<!-- #tablepress-2 from cache -->\n\n\n<p><\/p>\n","protected":false},"excerpt":{"rendered":"<p>Am besten, ihr verpasst keinen davon\u2026<\/p>\n","protected":false},"author":1,"featured_media":0,"parent":0,"menu_order":0,"comment_status":"closed","ping_status":"closed","template":"","meta":{"footnotes":""},"class_list":["post-13786","page","type-page","status-publish"],"_links":{"self":[{"href":"http:\/\/875jahrekirchgoens.de\/index.php?rest_route=\/wp\/v2\/pages\/13786","targetHints":{"allow":["GET"]}}],"collection":[{"href":"http:\/\/875jahrekirchgoens.de\/index.php?rest_route=\/wp\/v2\/pages"}],"about":[{"href":"http:\/\/875jahrekirchgoens.de\/index.php?rest_route=\/wp\/v2\/types\/page"}],"author":[{"embeddable":true,"href":"http:\/\/875jahrekirchgoens.de\/index.php?rest_route=\/wp\/v2\/users\/1"}],"replies":[{"embeddable":true,"href":"http:\/\/875jahrekirchgoens.de\/index.php?rest_route=%2Fwp%2Fv2%2Fcomments&post=13786"}],"version-history":[{"count":3,"href":"http:\/\/875jahrekirchgoens.de\/index.php?rest_route=\/wp\/v2\/pages\/13786\/revisions"}],"predecessor-version":[{"id":18007,"href":"http:\/\/875jahrekirchgoens.de\/index.php?rest_route=\/wp\/v2\/pages\/13786\/revisions\/18007"}],"wp:attachment":[{"href":"http:\/\/875jahrekirchgoens.de\/index.php?rest_route=%2Fwp%2Fv2%2Fmedia&parent=13786"}],"curies":[{"name":"wp","href":"https:\/\/api.w.org\/{rel}","templated":true}]}}