{"id":15639,"date":"2024-07-26T13:21:13","date_gmt":"2024-07-26T13:21:13","guid":{"rendered":"http:\/\/875jahrekirchgoens.de\/?page_id=15639"},"modified":"2025-07-10T14:54:00","modified_gmt":"2025-07-10T14:54:00","slug":"jubilaeumspartner","status":"publish","type":"page","link":"https:\/\/875jahrekirchgoens.de\/?page_id=15639","title":{"rendered":"Jubil\u00e4umspartner"},"content":{"rendered":"<div class=\"wp-block-image\">\n<figure class=\"aligncenter size-large\"><img loading=\"lazy\" decoding=\"async\" width=\"724\" height=\"1024\" src=\"http:\/\/875jahrekirchgoens.de\/wp-content\/uploads\/2025\/03\/Sponsorentableau-A31-724x1024.png\" alt=\"\" class=\"wp-image-16326\" srcset=\"https:\/\/875jahrekirchgoens.de\/wp-content\/uploads\/2025\/03\/Sponsorentableau-A31-724x1024.png 724w, https:\/\/875jahrekirchgoens.de\/wp-content\/uploads\/2025\/03\/Sponsorentableau-A31-212x300.png 212w, https:\/\/875jahrekirchgoens.de\/wp-content\/uploads\/2025\/03\/Sponsorentableau-A31-768x1086.png 768w, https:\/\/875jahrekirchgoens.de\/wp-content\/uploads\/2025\/03\/Sponsorentableau-A31-1087x1536.png 1087w, https:\/\/875jahrekirchgoens.de\/wp-content\/uploads\/2025\/03\/Sponsorentableau-A31-1449x2048.png 1449w\" sizes=\"auto, (max-width: 724px) 100vw, 724px\" \/><\/figure><\/div>\n\n\n<p><\/p>\n\n\n\n<p><\/p>\n\n\n\n<p>JA &#8211; WIR M\u00d6CHTEN JUBIL\u00c4UMSPARTNER WERDEN!<\/p>\n\n\n\n<p><\/p>\n\n\n\n<p>Guten Tag,  <\/p>\n\n\n\n<p>in 2025 feiert Kirch-G\u00f6ns sein 875-j\u00e4hriges Bestehen. <\/p>\n\n\n\n<p>Aus diesem Grund wird vom 29. bis 31. August 2025 ein Festwochenende ausgerichtet. Da die Vorbereitungen und Durchf\u00fchrungen einer solcher Veranstaltung erfahrungsgem\u00e4\u00df mit erheblichen finanziellen Belastungen einhergehen, m\u00f6chten wir einen Teil der erforderlichen Mittel \u00fcber Sponsorengelder akquirieren. Als Gegenleistung f\u00fcr Ihren Sponsoren-Beitrag bieten wir folgende Pakete an (siehe Anlage 1). <\/p>\n\n\n\n<p>Bitte senden Sie uns die beigef\u00fcgte R\u00fcckmeldung mit dem von Ihnen gew\u00fcnschten Sponsoringpaket postalisch oder per E-Mail zur\u00fcck. (Interessengemeinschaft Kirch-G\u00f6nser Vereine und Gruppierungen, Michael Tiedemann, Hauptstra\u00dfe 33a, 35510 Butzbach\/Kirch-G\u00f6ns, <a href=\"mailto:Sponsoring@875jahrekirchgoens.de\" target=\"_blank\" rel=\"noreferrer noopener\">Sponsoring@875jahrekirchgoens.de<\/a>).<\/p>\n\n\n\n<p>Vielen Dank f\u00fcr Ihre Unterst\u00fctzung!<\/p>\n\n\n\n<h2 class=\"wp-block-heading has-text-align-center\"><\/h2>\n\n\n\n<figure class=\"wp-block-gallery has-nested-images columns-default is-cropped wp-block-gallery-1 is-layout-flex wp-block-gallery-is-layout-flex\">\n<figure class=\"wp-block-image size-full\"><a href=\"http:\/\/875jahrekirchgoens.de\/wp-content\/uploads\/2024\/07\/2024-06-07-Sponsoringpakete.pdf\"><img loading=\"lazy\" decoding=\"async\" width=\"472\" height=\"512\" data-id=\"15671\" src=\"http:\/\/875jahrekirchgoens.de\/wp-content\/uploads\/2024\/07\/Sponsorenpakete-1.png\" alt=\"\" class=\"wp-image-15671\" srcset=\"https:\/\/875jahrekirchgoens.de\/wp-content\/uploads\/2024\/07\/Sponsorenpakete-1.png 472w, https:\/\/875jahrekirchgoens.de\/wp-content\/uploads\/2024\/07\/Sponsorenpakete-1-277x300.png 277w\" sizes=\"auto, (max-width: 472px) 100vw, 472px\" \/><\/a><\/figure>\n\n\n\n<figure class=\"wp-block-image size-full\"><a href=\"http:\/\/875jahrekirchgoens.de\/wp-content\/uploads\/2024\/07\/2024-06-04-Anfrage-Sponsoring.pdf\"><img loading=\"lazy\" decoding=\"async\" width=\"472\" height=\"512\" data-id=\"15668\" src=\"http:\/\/875jahrekirchgoens.de\/wp-content\/uploads\/2024\/07\/Sponsorinbuchung.png\" alt=\"\" class=\"wp-image-15668\" srcset=\"https:\/\/875jahrekirchgoens.de\/wp-content\/uploads\/2024\/07\/Sponsorinbuchung.png 472w, https:\/\/875jahrekirchgoens.de\/wp-content\/uploads\/2024\/07\/Sponsorinbuchung-277x300.png 277w\" sizes=\"auto, (max-width: 472px) 100vw, 472px\" \/><\/a><\/figure>\n<\/figure>\n\n\n\n<p><\/p>\n","protected":false},"excerpt":{"rendered":"<p>JA &#8211; WIR M\u00d6CHTEN JUBIL\u00c4UMSPARTNER WERDEN! Guten Tag, in 2025 feiert Kirch-G\u00f6ns sein 875-j\u00e4hriges Bestehen. Aus diesem Grund wird vom 29. bis 31. August 2025 ein Festwochenende ausgerichtet. Da die Vorbereitungen und Durchf\u00fchrungen einer solcher Veranstaltung erfahrungsgem\u00e4\u00df mit erheblichen finanziellen Belastungen einhergehen, m\u00f6chten wir einen Teil der erforderlichen Mittel \u00fcber Sponsorengelder akquirieren. Als Gegenleistung f\u00fcr &#8230; <a title=\"Jubil\u00e4umspartner\" class=\"read-more\" href=\"https:\/\/875jahrekirchgoens.de\/?page_id=15639\" aria-label=\"Mehr Informationen \u00fcber Jubil\u00e4umspartner\">Weiterlesen<\/a><\/p>\n","protected":false},"author":1,"featured_media":0,"parent":15637,"menu_order":0,"comment_status":"closed","ping_status":"closed","template":"","meta":{"footnotes":""},"class_list":["post-15639","page","type-page","status-publish"],"_links":{"self":[{"href":"https:\/\/875jahrekirchgoens.de\/index.php?rest_route=\/wp\/v2\/pages\/15639","targetHints":{"allow":["GET"]}}],"collection":[{"href":"https:\/\/875jahrekirchgoens.de\/index.php?rest_route=\/wp\/v2\/pages"}],"about":[{"href":"https:\/\/875jahrekirchgoens.de\/index.php?rest_route=\/wp\/v2\/types\/page"}],"author":[{"embeddable":true,"href":"https:\/\/875jahrekirchgoens.de\/index.php?rest_route=\/wp\/v2\/users\/1"}],"replies":[{"embeddable":true,"href":"https:\/\/875jahrekirchgoens.de\/index.php?rest_route=%2Fwp%2Fv2%2Fcomments&post=15639"}],"version-history":[{"count":11,"href":"https:\/\/875jahrekirchgoens.de\/index.php?rest_route=\/wp\/v2\/pages\/15639\/revisions"}],"predecessor-version":[{"id":16327,"href":"https:\/\/875jahrekirchgoens.de\/index.php?rest_route=\/wp\/v2\/pages\/15639\/revisions\/16327"}],"up":[{"embeddable":true,"href":"https:\/\/875jahrekirchgoens.de\/index.php?rest_route=\/wp\/v2\/pages\/15637"}],"wp:attachment":[{"href":"https:\/\/875jahrekirchgoens.de\/index.php?rest_route=%2Fwp%2Fv2%2Fmedia&parent=15639"}],"curies":[{"name":"wp","href":"https:\/\/api.w.org\/{rel}","templated":true}]}}