{"id":16134,"date":"2025-01-02T19:05:29","date_gmt":"2025-01-02T19:05:29","guid":{"rendered":"http:\/\/875jahrekirchgoens.de\/?page_id=16134"},"modified":"2025-01-02T19:12:36","modified_gmt":"2025-01-02T19:12:36","slug":"2025-2","status":"publish","type":"page","link":"https:\/\/875jahrekirchgoens.de\/?page_id=16134","title":{"rendered":"2025"},"content":{"rendered":"\n<table id=\"tablepress-13\" class=\"tablepress tablepress-id-13\">\n<thead>\n<tr class=\"row-1\">\n\t<td class=\"column-1\"><\/td><th class=\"column-2\"><strong>Datum<strong><\/th><th class=\"column-3\"><strong>Bericht<strong><\/th>\n<\/tr>\n<\/thead>\n<tbody class=\"row-striping row-hover\">\n<tr class=\"row-2\">\n\t<td class=\"column-1\"><strong>Januar<strong><\/td><td class=\"column-2\"><\/td><td class=\"column-3\"><\/td>\n<\/tr>\n<tr class=\"row-3\">\n\t<td class=\"column-1\"><\/td><td class=\"column-2\">02.01.2025<\/td><td class=\"column-3\"><a href=\"http:\/\/875jahrekirchgoens.de\/?p=16127\" rel=\"noopener\" target=\"_blank\">Kirch-G\u00f6ns wanderte mit Jung und Alt ins Jubil\u00e4umsjahr<\/a><\/td>\n<\/tr>\n<tr class=\"row-4\">\n\t<td class=\"column-1\"><\/td><td class=\"column-2\">07.01.2025<\/td><td class=\"column-3\"><a href=\"http:\/\/875jahrekirchgoens.de\/?p=16154\" rel=\"noopener\" target=\"_blank\">Es geht nicht um Geschenke<\/a><\/td>\n<\/tr>\n<tr class=\"row-5\">\n\t<td class=\"column-1\"><\/td><td class=\"column-2\">08.01.2025<\/td><td class=\"column-3\"><a href=\"http:\/\/875jahrekirchgoens.de\/?p=16147\" rel=\"noopener\" target=\"_blank\">\u00bbRauchi\u00ab zeigt, wie es geht<\/a><\/td>\n<\/tr>\n<tr class=\"row-6\">\n\t<td class=\"column-1\"><\/td><td class=\"column-2\">15.01.2025<\/td><td class=\"column-3\"><a href=\"http:\/\/875jahrekirchgoens.de\/?p=16221\" rel=\"noopener\" target=\"_blank\">300 Kilo Lebensmittel f\u00fcr die Tafel<\/a><\/td>\n<\/tr>\n<tr class=\"row-7\">\n\t<td class=\"column-1\"><\/td><td class=\"column-2\">16.01.2025<\/td><td class=\"column-3\"><a href=\"http:\/\/875jahrekirchgoens.de\/?p=16218\" rel=\"noopener\" target=\"_blank\">Krausch holt Siegerpokal<\/a><\/td>\n<\/tr>\n<tr class=\"row-8\">\n\t<td class=\"column-1\"><\/td><td class=\"column-2\">28.01.2025<\/td><td class=\"column-3\"><a href=\"http:\/\/875jahrekirchgoens.de\/?p=16216\" rel=\"noopener\" target=\"_blank\">Diebestour in Kirch-G\u00f6ns<\/a><\/td>\n<\/tr>\n<tr class=\"row-9\">\n\t<td class=\"column-1\"><\/td><td class=\"column-2\">18.01.2025<\/td><td class=\"column-3\"><a href=\"http:\/\/875jahrekirchgoens.de\/?p=16214\" rel=\"noopener\" target=\"_blank\">Spielenachmittag im Gemeindehaus<\/a><\/td>\n<\/tr>\n<tr class=\"row-10\">\n\t<td class=\"column-1\"><strong>Februar<strong><\/td><td class=\"column-2\"><\/td><td class=\"column-3\"><\/td>\n<\/tr>\n<tr class=\"row-11\">\n\t<td class=\"column-1\"><\/td><td class=\"column-2\">04.02.2025<\/td><td class=\"column-3\"><a href=\"http:\/\/875jahrekirchgoens.de\/?p=16250\" rel=\"noopener\" target=\"_blank\">Kappenabend in Kirch-G\u00f6ns<\/a><\/td>\n<\/tr>\n<tr class=\"row-12\">\n\t<td class=\"column-1\"><\/td><td class=\"column-2\">04.02.2025<\/td><td class=\"column-3\"><a href=\"http:\/\/875jahrekirchgoens.de\/?p=16275\" rel=\"noopener\" target=\"_blank\">Sch\u00fctzen tagen am 4. April<\/a><\/td>\n<\/tr>\n<tr class=\"row-13\">\n\t<td class=\"column-1\"><\/td><td class=\"column-2\">04.02.2025<\/td><td class=\"column-3\"><a href=\"http:\/\/875jahrekirchgoens.de\/?p=16253\" rel=\"noopener\" target=\"_blank\">Festschriften zum Schm\u00f6kern<\/a><\/td>\n<\/tr>\n<tr class=\"row-14\">\n\t<td class=\"column-1\"><\/td><td class=\"column-2\">05.02.2025<\/td><td class=\"column-3\"><a href=\"http:\/\/875jahrekirchgoens.de\/?p=16264\" rel=\"noopener\" target=\"_blank\">Mibdance ist bereit f\u00fcr die Kampagne<\/a><\/td>\n<\/tr>\n<tr class=\"row-15\">\n\t<td class=\"column-1\"><\/td><td class=\"column-2\">08.02.2025<\/td><td class=\"column-3\"><a href=\"http:\/\/875jahrekirchgoens.de\/?p=16269\" rel=\"noopener\" target=\"_blank\">G\u00f6nsi aus dem Dornr\u00f6schenschlaf erweckt<\/a><\/td>\n<\/tr>\n<tr class=\"row-16\">\n\t<td class=\"column-1\"><\/td><td class=\"column-2\">08.02.2025<\/td><td class=\"column-3\"><a href=\"http:\/\/875jahrekirchgoens.de\/?p=16292\" rel=\"noopener\" target=\"_blank\">Versammlung der Gemeinde in Kirch-G\u00f6ns<\/a><\/td>\n<\/tr>\n<tr class=\"row-17\">\n\t<td class=\"column-1\"><\/td><td class=\"column-2\">12.02.2025<\/td><td class=\"column-3\"><a href=\"http:\/\/875jahrekirchgoens.de\/?p=16283\" rel=\"noopener\" target=\"_blank\">Grandioser Kappenabend in Kirch-G\u00f6ns<\/a><\/td>\n<\/tr>\n<tr class=\"row-18\">\n\t<td class=\"column-1\"><\/td><td class=\"column-2\">19.02.2025<\/td><td class=\"column-3\"><a href=\"http:\/\/875jahrekirchgoens.de\/?p=16280\" rel=\"noopener\" target=\"_blank\">Echt Digital im Bild festgehalten<\/a><\/td>\n<\/tr>\n<tr class=\"row-19\">\n\t<td class=\"column-1\"><\/td><td class=\"column-2\">24.02.2025<\/td><td class=\"column-3\"><a href=\"http:\/\/875jahrekirchgoens.de\/?p=16277\" rel=\"noopener\" target=\"_blank\">Preistr\u00e4ger mit viel Herzblut<\/a><\/td>\n<\/tr>\n<tr class=\"row-20\">\n\t<td class=\"column-1\"><strong>M\u00e4rz<strong><\/td><td class=\"column-2\"><\/td><td class=\"column-3\"><\/td>\n<\/tr>\n<tr class=\"row-21\">\n\t<td class=\"column-1\"><\/td><td class=\"column-2\">01.03.2025<\/td><td class=\"column-3\"><a href=\"http:\/\/875jahrekirchgoens.de\/?p=16376\" target=\"_blank\">Aufbau zur Akademischen Feier<\/a><\/td>\n<\/tr>\n<tr class=\"row-22\">\n\t<td class=\"column-1\"><\/td><td class=\"column-2\">04.03.2025<\/td><td class=\"column-3\"><a href=\"http:\/\/875jahrekirchgoens.de\/?p=16373\" target=\"_blank\">Anmeldung zum Mittagstisch<\/a><\/td>\n<\/tr>\n<tr class=\"row-23\">\n\t<td class=\"column-1\"><\/td><td class=\"column-2\">07.03.2025<\/td><td class=\"column-3\"><a href=\"http:\/\/875jahrekirchgoens.de\/?p=16369\" target=\"_blank\">Polonaise durchs ganze Haus<\/a><\/td>\n<\/tr>\n<tr class=\"row-24\">\n\t<td class=\"column-1\"><\/td><td class=\"column-2\">08.03.2025<\/td><td class=\"column-3\"><a href=\"https:\/\/875jahrekirchgoens.de\/?p=16305\" rel=\"noopener\" target=\"_blank\">Vierundsechzig B\u00fcrgermeister in Kirch-G\u00f6ns<\/a><\/td>\n<\/tr>\n<tr class=\"row-25\">\n\t<td class=\"column-1\"><\/td><td class=\"column-2\">10.03.2025<\/td><td class=\"column-3\"><a href=\"http:\/\/875jahrekirchgoens.de\/?p=16359\" target=\"_blank\">Steffen H\u00e4user neuer Vorsitzender<\/a><\/td>\n<\/tr>\n<tr class=\"row-26\">\n\t<td class=\"column-1\"><\/td><td class=\"column-2\">10.03.2025<\/td><td class=\"column-3\"><a href=\"http:\/\/875jahrekirchgoens.de\/?p=16366\" target=\"_blank\">Gesangverein 1862 Kirch-G\u00f6ns zieht Bilanz<\/a><\/td>\n<\/tr>\n<tr class=\"row-27\">\n\t<td class=\"column-1\"><\/td><td class=\"column-2\">11.03.2025<\/td><td class=\"column-3\"><a href=\"https:\/\/875jahrekirchgoens.de\/?p=16312\" rel=\"noopener\" target=\"_blank\">Totenehrung in Kirch-G\u00f6ns<\/a><\/td>\n<\/tr>\n<tr class=\"row-28\">\n\t<td class=\"column-1\"><\/td><td class=\"column-2\">17.03.2025<\/td><td class=\"column-3\"><a href=\"https:\/\/875jahrekirchgoens.de\/?p=16318\" rel=\"noopener\" target=\"_blank\">Akademische Feier zum 875-j\u00e4hrigen Jubil\u00e4um<\/a><\/td>\n<\/tr>\n<tr class=\"row-29\">\n\t<td class=\"column-1\"><\/td><td class=\"column-2\">18.03.2025<\/td><td class=\"column-3\"><a href=\"https:\/\/875jahrekirchgoens.de\/?p=16322\" rel=\"noopener\" target=\"_blank\">UPDATE  zum Termin \u201eTotenehrung\u201c<\/a><\/td>\n<\/tr>\n<tr class=\"row-30\">\n\t<td class=\"column-1\"><\/td><td class=\"column-2\">24.03.2025<\/td><td class=\"column-3\"><a href=\"http:\/\/875jahrekirchgoens.de\/?p=16353\" target=\"_blank\">Trommelwirbel und Paukenschlag<\/a><\/td>\n<\/tr>\n<tr class=\"row-31\">\n\t<td class=\"column-1\"><\/td><td class=\"column-2\">25.03.2025<\/td><td class=\"column-3\"><a href=\"http:\/\/875jahrekirchgoens.de\/?p=16343\" target=\"_blank\">Ort von \u201eTradition und Fortschritt\u201c<\/a><\/td>\n<\/tr>\n<tr class=\"row-32\">\n\t<td class=\"column-1\"><\/td><td class=\"column-2\">27.03.2025<\/td><td class=\"column-3\"><a href=\"http:\/\/875jahrekirchgoens.de\/?p=16437\" target=\"_blank\">Handball hautnah ausprobiert<\/a><\/td>\n<\/tr>\n<tr class=\"row-33\">\n\t<td class=\"column-1\"><\/td><td class=\"column-2\">28.03.2025<\/td><td class=\"column-3\"><a href=\"http:\/\/875jahrekirchgoens.de\/?p=16337\" target=\"_blank\">Totenehrung zum 875j\u00e4hrigen Jubil\u00e4um<\/a><\/td>\n<\/tr>\n<tr class=\"row-34\">\n\t<td class=\"column-1\"><\/td><td class=\"column-2\">30.03.2025<\/td><td class=\"column-3\"><a href=\"http:\/\/875jahrekirchgoens.de\/?p=16417\" target=\"_blank\">Bildernachlese zur Akademischen Feier in Kirch-G\u00f6ns<\/a><\/td>\n<\/tr>\n<tr class=\"row-35\">\n\t<td class=\"column-1\"><strong>April<strong><\/td><td class=\"column-2\"><\/td><td class=\"column-3\"><\/td>\n<\/tr>\n<tr class=\"row-36\">\n\t<td class=\"column-1\"><\/td><td class=\"column-2\">02.04.2025<\/td><td class=\"column-3\"><a href=\"http:\/\/875jahrekirchgoens.de\/?p=16433\" target=\"_blank\">Spenden f\u00fcr die Jugend<\/a><\/td>\n<\/tr>\n<tr class=\"row-37\">\n\t<td class=\"column-1\"><\/td><td class=\"column-2\">12.04.2025<\/td><td class=\"column-3\"><a href=\"http:\/\/875jahrekirchgoens.de\/?p=16458\" target=\"_blank\">Kita im Corona-Ausnahmezustand<\/a><\/td>\n<\/tr>\n<tr class=\"row-38\">\n\t<td class=\"column-1\"><\/td><td class=\"column-2\">16.04.2025<\/td><td class=\"column-3\"><a href=\"http:\/\/875jahrekirchgoens.de\/?p=16452\" target=\"_blank\">Sechsundzwanzig Festschriften zum Schm\u00f6kern<\/a><\/td>\n<\/tr>\n<tr class=\"row-39\">\n\t<td class=\"column-1\"><\/td><td class=\"column-2\">25.04.2025<\/td><td class=\"column-3\"><a href=\"http:\/\/875jahrekirchgoens.de\/?p=16490\" target=\"_blank\">Alle \u00c4mter wieder besetzt<\/a><\/td>\n<\/tr>\n<tr class=\"row-40\">\n\t<td class=\"column-1\"><\/td><td class=\"column-2\">26.04.2025<\/td><td class=\"column-3\"><a href=\"http:\/\/875jahrekirchgoens.de\/?p=16487\" target=\"_blank\">Letzte Etappe in Jordanien<\/a><\/td>\n<\/tr>\n<tr class=\"row-41\">\n\t<td class=\"column-1\"><\/td><td class=\"column-2\">28.04.2025<\/td><td class=\"column-3\"><a href=\"https:\/\/875jahrekirchgoens.de\/?p=16463\" target=\"_blank\">1. Mai-Feier<\/a><\/td>\n<\/tr>\n<tr class=\"row-42\">\n\t<td class=\"column-1\"><strong>Mai<strong><\/td><td class=\"column-2\"><\/td><td class=\"column-3\"><\/td>\n<\/tr>\n<tr class=\"row-43\">\n\t<td class=\"column-1\"><\/td><td class=\"column-2\">02.05.2025<\/td><td class=\"column-3\"><a href=\"http:\/\/875jahrekirchgoens.de\/?p=16466\" target=\"_blank\">1.-Mai-Feier des TV Vorw\u00e4rts 1891 Kirch-G\u00f6ns<\/a><\/td>\n<\/tr>\n<tr class=\"row-44\">\n\t<td class=\"column-1\"><\/td><td class=\"column-2\">07.05.2025<\/td><td class=\"column-3\"><a href=\"http:\/\/875jahrekirchgoens.de\/?p=16484\" target=\"_blank\">Als die Kleinen mit den Gro\u00dfen k\u00e4mpften<\/a><\/td>\n<\/tr>\n<tr class=\"row-45\">\n\t<td class=\"column-1\"><\/td><td class=\"column-2\">09.05.2025<\/td><td class=\"column-3\"><a href=\"http:\/\/875jahrekirchgoens.de\/?p=16481\" target=\"_blank\">Tiger, L\u00f6we und Co.<\/a><\/td>\n<\/tr>\n<tr class=\"row-46\">\n\t<td class=\"column-1\"><\/td><td class=\"column-2\">16.05.2025<\/td><td class=\"column-3\"><a href=\"http:\/\/875jahrekirchgoens.de\/?p=16477\" target=\"_blank\">Er will Dich<\/a><\/td>\n<\/tr>\n<tr class=\"row-47\">\n\t<td class=\"column-1\"><\/td><td class=\"column-2\">19.05.2025<\/td><td class=\"column-3\"><a href=\"http:\/\/875jahrekirchgoens.de\/?p=16497\" target=\"_blank\">Satzungs\u00e4nderung und Ehrungsreigen beim TV Kirch-G\u00f6ns<\/a><\/td>\n<\/tr>\n<tr class=\"row-48\">\n\t<td class=\"column-1\"><\/td><td class=\"column-2\">30.05.2025<\/td><td class=\"column-3\"><a href=\"http:\/\/875jahrekirchgoens.de\/?p=16473\" target=\"_blank\">G\u00f6nser Grundschul-Halle geschlossen<\/a><\/td>\n<\/tr>\n<tr class=\"row-49\">\n\t<td class=\"column-1\"><\/td><td class=\"column-2\"><\/td><td class=\"column-3\"><\/td>\n<\/tr>\n<tr class=\"row-50\">\n\t<td class=\"column-1\"><strong>Juni<strong><\/td><td class=\"column-2\"><\/td><td class=\"column-3\"><\/td>\n<\/tr>\n<tr class=\"row-51\">\n\t<td class=\"column-1\"><\/td><td class=\"column-2\"><\/td><td class=\"column-3\"><\/td>\n<\/tr>\n<tr class=\"row-52\">\n\t<td class=\"column-1\"><\/td><td class=\"column-2\">03.06.2025<\/td><td class=\"column-3\"><a href=\"http:\/\/875jahrekirchgoens.de\/?p=16471\" target=\"_blank\">K\u00f6nigsschie\u00dfen in Kirch-G\u00f6ns<\/a><\/td>\n<\/tr>\n<tr class=\"row-53\">\n\t<td class=\"column-1\"><strong>Juli<strong><\/td><td class=\"column-2\"><\/td><td class=\"column-3\"><\/td>\n<\/tr>\n<tr class=\"row-54\">\n\t<td class=\"column-1\"><\/td><td class=\"column-2\">12.05.2025<\/td><td class=\"column-3\"><a href=\"https:\/\/875jahrekirchgoens.de\/?p=16644\">Spannung um Holzadler<\/a><\/td>\n<\/tr>\n<tr class=\"row-55\">\n\t<td class=\"column-1\"><\/td><td class=\"column-2\">09.07.2025<\/td><td class=\"column-3\"><a href=\"https:\/\/875jahrekirchgoens.de\/?p=16637\">Zwei Jahre gutes Miteinander<\/a><\/td>\n<\/tr>\n<tr class=\"row-56\">\n\t<td class=\"column-1\"><\/td><td class=\"column-2\">10.07.2025<\/td><td class=\"column-3\"><a href=\"https:\/\/875jahrekirchgoens.de\/?p=16632\">Grund zum Jubel\u00a0<\/a><\/td>\n<\/tr>\n<tr class=\"row-57\">\n\t<td class=\"column-1\"><\/td><td class=\"column-2\">19.07.2025<\/td><td class=\"column-3\"><a href=\"https:\/\/875jahrekirchgoens.de\/?p=16629\">Spielenachmittag in Kirch-G\u00f6ns<\/a><\/td>\n<\/tr>\n<tr class=\"row-58\">\n\t<td class=\"column-1\"><\/td><td class=\"column-2\">28.07.2025<\/td><td class=\"column-3\"><a href=\"https:\/\/875jahrekirchgoens.de\/?p=16624\">J\u00e4ger grillen\u00a0<\/a><\/td>\n<\/tr>\n<tr class=\"row-59\">\n\t<td class=\"column-1\"><\/td><td class=\"column-2\">30.07.2025<\/td><td class=\"column-3\"><a href=\"https:\/\/875jahrekirchgoens.de\/?p=16619\">Gottesdienst zum St\u00f6ffche<\/a><\/td>\n<\/tr>\n<tr class=\"row-60\">\n\t<td class=\"column-1\"><\/td><td class=\"column-2\">30.07.2025<\/td><td class=\"column-3\"><a href=\"https:\/\/875jahrekirchgoens.de\/?p=16615\">Start der Sanierung<\/a><\/td>\n<\/tr>\n<tr class=\"row-61\">\n\t<td class=\"column-1\"><strong>August<strong><\/td><td class=\"column-2\"><\/td><td class=\"column-3\"><\/td>\n<\/tr>\n<tr class=\"row-62\">\n\t<td class=\"column-1\"><\/td><td class=\"column-2\">22.08.2025<\/td><td class=\"column-3\"><a href=\"https:\/\/875jahrekirchgoens.de\/?p=16605\">Gewinnerin Jubil\u00e4umswochenende<\/a><\/td>\n<\/tr>\n<tr class=\"row-63\">\n\t<td class=\"column-1\"><\/td><td class=\"column-2\">23.08.2025<\/td><td class=\"column-3\"><a href=\"https:\/\/875jahrekirchgoens.de\/?p=16598\">Schulstart in Kirch-\/Pohl-G\u00f6ns<\/a><\/td>\n<\/tr>\n<tr class=\"row-64\">\n\t<td class=\"column-1\"><\/td><td class=\"column-2\">29.08.2025<\/td><td class=\"column-3\"><a href=\"https:\/\/875jahrekirchgoens.de\/?p=16594\">Moderne Ausstattung f\u00fcr mehr Sicherheit<\/a><\/td>\n<\/tr>\n<tr class=\"row-65\">\n\t<td class=\"column-1\"><\/td><td class=\"column-2\">31.08.2025<\/td><td class=\"column-3\"><a href=\"https:\/\/875jahrekirchgoens.de\/?p=16503\" target=\"_blank\">Festumzug in Kirch-G\u00f6ns<\/a><\/td>\n<\/tr>\n<tr class=\"row-66\">\n\t<td class=\"column-1\"><strong>September<strong><\/td><td class=\"column-2\"><\/td><td class=\"column-3\"><\/td>\n<\/tr>\n<tr class=\"row-67\">\n\t<td class=\"column-1\"><\/td><td class=\"column-2\">01.09.2025<\/td><td class=\"column-3\"><a href=\"https:\/\/875jahrekirchgoens.de\/?p=16648\">Party -Hits und Nostalgie<\/a><\/td>\n<\/tr>\n<tr class=\"row-68\">\n\t<td class=\"column-1\"><\/td><td class=\"column-2\">02.09.2025<\/td><td class=\"column-3\"><a href=\"https:\/\/875jahrekirchgoens.de\/?p=16507\" target=\"_blank\">Zeltabbau in Kirch-G\u00f6ns<\/a><\/td>\n<\/tr>\n<tr class=\"row-69\">\n\t<td class=\"column-1\"><\/td><td class=\"column-2\">10.09.2025<\/td><td class=\"column-3\"><a href=\"https:\/\/875jahrekirchgoens.de\/?p=16590\">Kreis: Halle am Jahresende in Betrieb<\/a><\/td>\n<\/tr>\n<tr class=\"row-70\">\n\t<td class=\"column-1\"><\/td><td class=\"column-2\">12.09.2025<\/td><td class=\"column-3\"><a href=\"https:\/\/875jahrekirchgoens.de\/?p=16587\">Polizei fasst Autoaufbrecher<\/a><\/td>\n<\/tr>\n<tr class=\"row-71\">\n\t<td class=\"column-1\"><\/td><td class=\"column-2\">13.09.2025<\/td><td class=\"column-3\"><a href=\"https:\/\/875jahrekirchgoens.de\/?p=16583\">Richtiges Verhalten bei Feuer <\/a><\/td>\n<\/tr>\n<tr class=\"row-72\">\n\t<td class=\"column-1\"><\/td><td class=\"column-2\">18.09.2025<\/td><td class=\"column-3\"><a href=\"https:\/\/875jahrekirchgoens.de\/?p=16578\">Herbststimmung bei MiMit<\/a><\/td>\n<\/tr>\n<tr class=\"row-73\">\n\t<td class=\"column-1\"><\/td><td class=\"column-2\">18.09.2025<\/td><td class=\"column-3\"><a href=\"https:\/\/875jahrekirchgoens.de\/?p=16578\">Herbststimmung bei MiMit<\/a><\/td>\n<\/tr>\n<tr class=\"row-74\">\n\t<td class=\"column-1\"><\/td><td class=\"column-2\">19.09.2025<\/td><td class=\"column-3\"><a href=\"https:\/\/875jahrekirchgoens.de\/?p=16575\">Einbrecher im Schlafzimmer<\/a><\/td>\n<\/tr>\n<tr class=\"row-75\">\n\t<td class=\"column-1\"><\/td><td class=\"column-2\">23.09.2025<\/td><td class=\"column-3\"><a href=\"https:\/\/875jahrekirchgoens.de\/?p=16571\">Tatkr\u00e4ftige Gemeinschaft<\/a><\/td>\n<\/tr>\n<tr class=\"row-76\">\n\t<td class=\"column-1\"><\/td><td class=\"column-2\">30.09.2025<\/td><td class=\"column-3\"><a href=\"https:\/\/875jahrekirchgoens.de\/?p=16568\">Mittagstisch am 8. Oktober<\/a><\/td>\n<\/tr>\n<tr class=\"row-77\">\n\t<td class=\"column-1\"><\/td><td class=\"column-2\">30.09.2025<\/td><td class=\"column-3\"><a href=\"https:\/\/875jahrekirchgoens.de\/?p=16563\">Neues Staffell\u00f6schfahrzeug \u00fcbergeben <\/a><\/td>\n<\/tr>\n<tr class=\"row-78\">\n\t<td class=\"column-1\"><strong>Oktober<strong><\/td><td class=\"column-2\"><\/td><td class=\"column-3\"><\/td>\n<\/tr>\n<tr class=\"row-79\">\n\t<td class=\"column-1\"><\/td><td class=\"column-2\">18.10.2025<\/td><td class=\"column-3\"><a href=\"https:\/\/875jahrekirchgoens.de\/?p=16560\">Auffahrunfall auf B3 \u2013 vier Verletzte<\/a><\/td>\n<\/tr>\n<tr class=\"row-80\">\n\t<td class=\"column-1\"><\/td><td class=\"column-2\">20.10-2025<\/td><td class=\"column-3\"><a href=\"https:\/\/875jahrekirchgoens.de\/?p=16554\" target=\" _blank\">Mit Heimatverein in der Lochm\u00fchle<\/a><\/td>\n<\/tr>\n<tr class=\"row-81\">\n\t<td class=\"column-1\"><\/td><td class=\"column-2\">21.10.2025<\/td><td class=\"column-3\"><a href=\"https:\/\/875jahrekirchgoens.de\/?p=16544\" target=\" _blank\">CDU l\u00e4dt Pawlik nach Kirch-G\u00f6ns ein<\/a><\/td>\n<\/tr>\n<tr class=\"row-82\">\n\t<td class=\"column-1\"><\/td><td class=\"column-2\">22.10.2025<\/td><td class=\"column-3\"><a href=\"https:\/\/875jahrekirchgoens.de\/?p=16537\" target=\" _blank\">Ampeln bleiben stehen<\/a><\/td>\n<\/tr>\n<tr class=\"row-83\">\n\t<td class=\"column-1\"><\/td><td class=\"column-2\">25.10.2025<\/td><td class=\"column-3\"><a href=\"https:\/\/875jahrekirchgoens.de\/?p=16611\">Ortsbeirat tagt zu Sicherheit<\/a><\/td>\n<\/tr>\n<tr class=\"row-84\">\n\t<td class=\"column-1\"><\/td><td class=\"column-2\">27.10.2025<\/td><td class=\"column-3\"><a href=\"https:\/\/875jahrekirchgoens.de\/?p=16653\">Urkundenregen im Jubil\u00e4umsjahr<\/a><\/td>\n<\/tr>\n<tr class=\"row-85\">\n\t<td class=\"column-1\"><strong>Novem<br \/>\nber<strong><\/td><td class=\"column-2\"><\/td><td class=\"column-3\"><\/td>\n<\/tr>\n<tr class=\"row-86\">\n\t<td class=\"column-1\"><\/td><td class=\"column-2\">17.11.2025<\/td><td class=\"column-3\"><a href=\"https:\/\/875jahrekirchgoens.de\/?p=17579\" target=\"_blank\">Volkstrauertag in Kirch-G\u00f6ns<\/a><\/td>\n<\/tr>\n<tr class=\"row-87\">\n\t<td class=\"column-1\"><\/td><td class=\"column-2\">17.11.2025<\/td><td class=\"column-3\"><a href=\"https:\/\/875jahrekirchgoens.de\/?p=17464\">Urkundenregen im Jubil\u00e4umsjahr<\/a><\/td>\n<\/tr>\n<tr class=\"row-88\">\n\t<td class=\"column-1\"><\/td><td class=\"column-2\">22.11.2025<\/td><td class=\"column-3\"><a href=\"https:\/\/875jahrekirchgoens.de\/?p=17579\">Volkstrauertag in Kirch-G\u00f6ns<\/a><\/td>\n<\/tr>\n<\/tbody>\n<\/table>\n<!-- #tablepress-13 from cache -->","protected":false},"excerpt":{"rendered":"","protected":false},"author":1,"featured_media":0,"parent":13472,"menu_order":0,"comment_status":"closed","ping_status":"closed","template":"","meta":{"footnotes":""},"class_list":["post-16134","page","type-page","status-publish"],"_links":{"self":[{"href":"https:\/\/875jahrekirchgoens.de\/index.php?rest_route=\/wp\/v2\/pages\/16134","targetHints":{"allow":["GET"]}}],"collection":[{"href":"https:\/\/875jahrekirchgoens.de\/index.php?rest_route=\/wp\/v2\/pages"}],"about":[{"href":"https:\/\/875jahrekirchgoens.de\/index.php?rest_route=\/wp\/v2\/types\/page"}],"author":[{"embeddable":true,"href":"https:\/\/875jahrekirchgoens.de\/index.php?rest_route=\/wp\/v2\/users\/1"}],"replies":[{"embeddable":true,"href":"https:\/\/875jahrekirchgoens.de\/index.php?rest_route=%2Fwp%2Fv2%2Fcomments&post=16134"}],"version-history":[{"count":2,"href":"https:\/\/875jahrekirchgoens.de\/index.php?rest_route=\/wp\/v2\/pages\/16134\/revisions"}],"predecessor-version":[{"id":16137,"href":"https:\/\/875jahrekirchgoens.de\/index.php?rest_route=\/wp\/v2\/pages\/16134\/revisions\/16137"}],"up":[{"embeddable":true,"href":"https:\/\/875jahrekirchgoens.de\/index.php?rest_route=\/wp\/v2\/pages\/13472"}],"wp:attachment":[{"href":"https:\/\/875jahrekirchgoens.de\/index.php?rest_route=%2Fwp%2Fv2%2Fmedia&parent=16134"}],"curies":[{"name":"wp","href":"https:\/\/api.w.org\/{rel}","templated":true}]}}